{"id":6,"date":"2014-07-05T15:01:58","date_gmt":"2014-07-05T15:01:58","guid":{"rendered":"http:\/\/kiliman.hu\/?page_id=6"},"modified":"2023-05-08T13:24:17","modified_gmt":"2023-05-08T13:24:17","slug":"onkormanyzat","status":"publish","type":"page","link":"https:\/\/kiliman.hu\/","title":{"rendered":"\u00d6nkorm\u00e1nyzat"},"content":{"rendered":"<h2>Polg\u00e1rmesteri k\u00f6sz\u00f6nt\u0151<\/h2>\n<p>Tisztelettel \u00e9s szeretettel k\u00f6sz\u00f6nt\u00f6m \u00d6nt k\u00f6zs\u00e9g\u00fcnk hivatalos honlapj\u00e1n Kilim\u00e1n lakoss\u00e1ga \u00e9s \u00f6nkorm\u00e1nyzata nev\u00e9ben. Oldalainkon sok \u00e9rdekess\u00e9get tudhat meg a falu m\u00faltj\u00e1r\u00f3l, jelen\u00e9r\u0151l, valamint a j\u00f6v\u0151re vonatkoz\u00f3 terveinkr\u0151l, elk\u00e9pzel\u00e9seinkr\u0151l. Sz\u00e1mos inform\u00e1ci\u00f3val szolg\u00e1lunk, az \u00f6nkorm\u00e1nyzati munka, k\u00f6z\u00f6ss\u00e9gi rendezv\u00e9nyeink, valamint a k\u00f6z\u00f6s hivatal \u00fcgyint\u00e9z\u00e9si rendj\u00e9r\u0151l is. A honlapunkon szerepl\u0151 k\u00e9pek is bizony\u00edtj\u00e1k, hogy sz\u00e1mos rendezv\u00e9nyt tartunk rendezett \u00e9s vend\u00e9gszeret\u0151 telep\u00fcl\u00e9s\u00fcnk\u00f6n, amely hagyom\u00e1nyait \u00e9s \u00e9rt\u00e9keit meg\u0151rizve, igyekszik otthonos \u00e9letteret biztos\u00edtani az itt \u00e9l\u0151 lakoss\u00e1g sz\u00e1m\u00e1ra. A m\u00faltban el\u00e9rt eredm\u00e9nyeinkre b\u00fcszk\u00e9k vagyunk, emellett szeretn\u00e9nk k\u00f6zs\u00e9g\u00fcnket tov\u00e1bbfejleszteni, gyarap\u00edtani, a helyi lakoss\u00e1g \u00e9s az ide l\u00e1togat\u00f3 vend\u00e9gek legnagyobb megel\u00e9ged\u00e9s\u00e9re. Honlapunkat folyamatosan friss\u00edtj\u00fck, hogy \u00d6n a legteljesebb k\u00e9pet kaphassa telep\u00fcl\u00e9s\u00fcnk \u00e9let\u00e9r\u0151l.<\/p>\n<p>Tisztelettel:<\/p>\n<p><strong>Pusztai Szabolcs<\/strong><br \/>\nKilim\u00e1n k\u00f6zs\u00e9g polg\u00e1rmestere<\/p>\n<p>Kilim\u00e1n K\u00f6zs\u00e9g \u00d6nkorm\u00e1nyzata\u00a0\u00a0\u00a0\u00a0\u00a0\u00a0\u00a0\u00a0\u00a0\u00a0\u00a0\u00a0\u00a0\u00a0\u00a0\u00a0\u00a0\u00a0\u00a0\u00a0\u00a0\u00a0\u00a0\u00a0\u00a0\u00a0 \u00a0 \u00a0\u00a0\u00a0\u00a0\u00a0\u00a0\u00a0\u00a0\u00a0\u00a0\u00a0\u00a0\u00a0\u00a0\u00a0\u00a0\u00a0\u00a0\u00a0\u00a0\u00a0\u00a0\u00a0\u00a0\u00a0\u00a0\u00a0\u00a0\u00a0\u00a0\u00a0\u00a0\u00a0\u00a0\u00a0\u00a0\u00a0\u00a0\u00a0\u00a0\u00a0\u00a0\u00a0\u00a0\u00a0\u00a0\u00a0\u00a0\u00a0\u00a0\u00a0\u00a0\u00a0\u00a0\u00a0\u00a0\u00a0\u00a0\u00a0\u00a0\u00a0\u00a0\u00a0\u00a0\u00a0\u00a0\u00a0\u00a0 8774 Kilim\u00e1n, Pet\u0151fi u. 34.\u00a0\u00a0\u00a0\u00a0\u00a0\u00a0\u00a0\u00a0\u00a0\u00a0\u00a0 \u00a0\u00a0 \u00a0\u00a0\u00a0\u00a0\u00a0\u00a0\u00a0\u00a0\u00a0\u00a0\u00a0\u00a0\u00a0\u00a0\u00a0\u00a0\u00a0\u00a0\u00a0\u00a0\u00a0\u00a0\u00a0\u00a0\u00a0\u00a0\u00a0\u00a0\u00a0\u00a0\u00a0\u00a0\u00a0\u00a0\u00a0\u00a0\u00a0\u00a0\u00a0\u00a0\u00a0\u00a0\u00a0\u00a0\u00a0\u00a0\u00a0\u00a0\u00a0\u00a0\u00a0\u00a0\u00a0\u00a0\u00a0\u00a0\u00a0\u00a0\u00a0\u00a0\u00a0\u00a0\u00a0\u00a0\u00a0\u00a0\u00a0\u00a0\u00a0\u00a0\u00a0\u00a0\u00a0\u00a0\u00a0\u00a0\u00a0\u00a0\u00a0\u00a0\u00a0\u00a0\u00a0\u00a0\u00a0\u00a0\u00a0\u00a0\u00a0\u00a0\u00a0\u00a0\u00a0 Tel.: 93\/360-021\u00a0 \u00a0 \u00a030\/9494722\u00a0 \u00a0 \u00a0 \u00a0 \u00a0 \u00a0 \u00a0 \u00a0 \u00a0 \u00a0 \u00a0 \u00a0 \u00a0 \u00a0 \u00a0 \u00a0 \u00a0 \u00a0 \u00a0 \u00a0 \u00a0 \u00a0 \u00a0 \u00a0 \u00a0 \u00a0 \u00a0 \u00a0 \u00a0 \u00a0 \u00a0 \u00a0 \u00a0 \u00a0 \u00a0 \u00a0 \u00a0 \u00a0 \u00a0 \u00a0 \u00a0 \u00a0 \u00a0 \u00a0 \u00a0 \u00a0 \u00a0 \u00a0 \u00a0 \u00a0 \u00a0 \u00a0 email c\u00edm: kilimankozseg@gmail.com<\/p>\n<p>\u00dcgyf\u00e9lfogad\u00e1s ideje:\u00a0\u00a0\u00a0\u00a0\u00a0\u00a0\u00a0\u00a0\u00a0\u00a0\u00a0\u00a0\u00a0\u00a0\u00a0\u00a0\u00a0\u00a0\u00a0\u00a0\u00a0\u00a0\u00a0\u00a0\u00a0\u00a0\u00a0\u00a0\u00a0 \u00a0 \u00a0\u00a0 \u00a0\u00a0 \u00a0\u00a0\u00a0\u00a0\u00a0\u00a0\u00a0\u00a0\u00a0\u00a0\u00a0\u00a0\u00a0\u00a0\u00a0\u00a0\u00a0\u00a0\u00a0\u00a0\u00a0\u00a0\u00a0\u00a0\u00a0\u00a0\u00a0\u00a0\u00a0\u00a0\u00a0\u00a0\u00a0\u00a0\u00a0\u00a0\u00a0\u00a0\u00a0\u00a0\u00a0\u00a0\u00a0\u00a0\u00a0\u00a0\u00a0\u00a0\u00a0\u00a0\u00a0\u00a0\u00a0\u00a0\u00a0\u00a0\u00a0\u00a0\u00a0\u00a0\u00a0\u00a0\u00a0\u00a0\u00a0\u00a0\u00a0\u00a0\u00a0\u00a0\u00a0\u00a0\u00a0\u00a0\u00a0\u00a0\u00a0\u00a0\u00a0 h\u00e9tf\u0151-p\u00e9ntek: 8.00-10.30\u00a0\u00a0\u00a0 12.30-16.00\u00a0 \u00a0 \u00a0 \u00a0 \u00a0 \u00a0 \u00a0 \u00a0 \u00a0 \u00a0 \u00a0 \u00a0 \u00a0 \u00a0 \u00a0 \u00a0 \u00a0 \u00a0 \u00a0 \u00a0 \u00a0 \u00a0 \u00a0 \u00a0 \u00a0 \u00a0 \u00a0 \u00a0 \u00a0 \u00a0 \u00a0 \u00a0 \u00a0 \u00a0 \u00a0 \u00a0 \u00a0 \u00a0 \u00a0 \u00a0 \u00a0 \u00a0 Tel.: 93\/360-021\u00a0 \u00a0 \u00a030\/9494830<\/p>\n<p>K\u00e9pvisel\u0151-test\u00fclet:<\/p>\n<p>Polg\u00e1rmester: \u00a0 \u00a0 \u00a0\u00a0 \u00a0 \u00a0 \u00a0 \u00a0 \u00a0 \u00a0 \u00a0 \u00a0 \u00a0 \u00a0 \u00a0 \u00a0 \u00a0 \u00a0 \u00a0 \u00a0 \u00a0 \u00a0 \u00a0 \u00a0 \u00a0 \u00a0 \u00a0 \u00a0 \u00a0 \u00a0 \u00a0 \u00a0 \u00a0 \u00a0 \u00a0 \u00a0 \u00a0 \u00a0 \u00a0 \u00a0 \u00a0 \u00a0 \u00a0 \u00a0 \u00a0 \u00a0 \u00a0 \u00a0 \u00a0 \u00a0 \u00a0 \u00a0 \u00a0 \u00a0 \u00a0 \u00a0 \u00a0 \u00a0 \u00a0 \u00a0 \u00a0 \u00a0 \u00a0\u00a0 Pusztai Szabolcs<\/p>\n<p>K\u00e9pvisel\u0151k:\u00a0 \u00a0 \u00a0 \u00a0 \u00a0 \u00a0 \u00a0 \u00a0 \u00a0 \u00a0 \u00a0 \u00a0 \u00a0 \u00a0 \u00a0 \u00a0 \u00a0 \u00a0 \u00a0 \u00a0 \u00a0 \u00a0 \u00a0 \u00a0 \u00a0 \u00a0 \u00a0 \u00a0 \u00a0 \u00a0 \u00a0 \u00a0 \u00a0 \u00a0 \u00a0 \u00a0 \u00a0 \u00a0 \u00a0 \u00a0 \u00a0 \u00a0 \u00a0 \u00a0 \u00a0 \u00a0 \u00a0 \u00a0 \u00a0 \u00a0 \u00a0 \u00a0 \u00a0 \u00a0 \u00a0 \u00a0 \u00a0 \u00a0 \u00a0 \u00a0 \u00a0 \u00a0 \u00a0 \u00a0 \u00a0 \u00a0 \u00a0B\u00e1rsony K\u00e1roly\u00a0 \u00a0 \u00a0 \u00a0 \u00a0 \u00a0 \u00a0 \u00a0 \u00a0 \u00a0 \u00a0 \u00a0 \u00a0 \u00a0 \u00a0 \u00a0 \u00a0 \u00a0 \u00a0 \u00a0 \u00a0 \u00a0 \u00a0 \u00a0 \u00a0 \u00a0 \u00a0 \u00a0 \u00a0 \u00a0 \u00a0 \u00a0 \u00a0 \u00a0 \u00a0 \u00a0 \u00a0 \u00a0 \u00a0 \u00a0 \u00a0 \u00a0 \u00a0 \u00a0 \u00a0 \u00a0 \u00a0 \u00a0 \u00a0 \u00a0 \u00a0 \u00a0 \u00a0 \u00a0 \u00a0 \u00a0 \u00a0 \u00a0 \u00a0 \u00a0 \u00a0 \u00a0Horv\u00e1th L\u00e1szl\u00f3\u00a0 \u00a0 \u00a0 \u00a0 \u00a0 \u00a0 \u00a0 \u00a0 \u00a0 \u00a0 \u00a0 \u00a0 \u00a0 \u00a0 \u00a0 \u00a0 \u00a0 \u00a0 \u00a0 \u00a0 \u00a0 \u00a0 \u00a0 \u00a0 \u00a0 \u00a0 \u00a0 \u00a0 \u00a0 \u00a0 \u00a0 \u00a0 \u00a0 \u00a0 \u00a0 \u00a0 \u00a0 \u00a0 \u00a0 \u00a0 \u00a0 \u00a0 \u00a0 \u00a0 \u00a0 \u00a0 \u00a0 \u00a0 \u00a0 \u00a0 \u00a0 \u00a0 \u00a0 \u00a0 \u00a0 \u00a0 \u00a0 \u00a0 \u00a0 \u00a0 \u00a0Horv\u00e1th Zolt\u00e1n\u00a0 \u00a0 \u00a0 \u00a0 \u00a0 \u00a0 \u00a0 \u00a0 \u00a0 \u00a0 \u00a0 \u00a0 \u00a0 \u00a0 \u00a0 \u00a0 \u00a0 \u00a0 \u00a0 \u00a0 \u00a0 \u00a0 \u00a0 \u00a0 \u00a0 \u00a0 \u00a0 \u00a0 \u00a0 \u00a0 \u00a0 \u00a0 \u00a0 \u00a0 \u00a0 \u00a0 \u00a0 \u00a0 \u00a0 \u00a0 \u00a0 \u00a0 \u00a0 \u00a0 \u00a0 \u00a0 \u00a0 \u00a0 \u00a0 \u00a0 \u00a0 \u00a0 \u00a0 \u00a0 \u00a0 \u00a0 \u00a0 \u00a0 \u00a0 \u00a0 \u00a0 \u00a0 \u00a0 Szigeti Istv\u00e1nn\u00e9<\/p>\n<table border=\"0\" cellspacing=\"0\">\n<colgroup width=\"93\"><\/colgroup>\n<colgroup span=\"7\" width=\"74\"><\/colgroup>\n<tbody>\n<tr>\n<td colspan=\"8\" align=\"center\" height=\"20\">\u00d6NKORM\u00c1NYZATI V\u00c1LASZT\u00c1SOK<\/td>\n<\/tr>\n<tr>\n<td align=\"left\" height=\"20\"><\/td>\n<td align=\"center\"><\/td>\n<td align=\"center\"><\/td>\n<td align=\"center\"><\/td>\n<td align=\"center\"><\/td>\n<td align=\"center\"><\/td>\n<td align=\"center\"><\/td>\n<td align=\"center\"><\/td>\n<\/tr>\n<tr>\n<td align=\"left\" height=\"20\"><\/td>\n<td align=\"center\"><b>1990-1994<\/b><\/td>\n<td align=\"center\"><b>1994-1998<\/b><\/td>\n<td align=\"center\"><b>1998-2002<\/b><\/td>\n<td align=\"center\"><b>2002-2006<\/b><\/td>\n<td align=\"center\"><b>2006-2010<\/b><\/td>\n<td align=\"center\"><b>2010-2014<\/b><\/td>\n<td align=\"center\"><b>2014-2019<\/b><\/td>\n<\/tr>\n<tr>\n<td align=\"left\" height=\"20\"><\/td>\n<td align=\"center\"><\/td>\n<td align=\"center\"><\/td>\n<td align=\"center\"><\/td>\n<td align=\"center\"><\/td>\n<td align=\"center\"><\/td>\n<td align=\"center\"><\/td>\n<td align=\"center\"><\/td>\n<\/tr>\n<tr>\n<td align=\"left\" valign=\"middle\" height=\"36\">Polg\u00e1rmester:<\/td>\n<td align=\"center\">\u00d3nodi Ferenc<\/td>\n<td align=\"center\">B\u00e1rsony K\u00e1roly<\/td>\n<td align=\"center\">B\u00e1rsony K\u00e1roly<\/td>\n<td align=\"center\">B\u00e1rsony K\u00e1roly<\/td>\n<td align=\"center\">B\u00e1rsony K\u00e1roly<\/td>\n<td align=\"center\">Pusztai Szabolcs<\/td>\n<td align=\"center\">Pusztai Szabolcs<\/td>\n<\/tr>\n<tr>\n<td align=\"left\" valign=\"middle\" height=\"20\"><\/td>\n<td align=\"center\"><\/td>\n<td align=\"center\"><\/td>\n<td align=\"center\"><\/td>\n<td align=\"center\"><\/td>\n<td align=\"center\"><\/td>\n<td align=\"center\"><\/td>\n<td align=\"center\"><\/td>\n<\/tr>\n<tr>\n<td align=\"left\" valign=\"middle\" height=\"36\">K\u00e9pvisel\u0151k:<\/td>\n<td align=\"center\">Anlauf J\u00f3zsef<\/td>\n<td align=\"center\">Herczeg Ferencn\u00e9<\/td>\n<td align=\"center\">Horv\u00e1th Zolt\u00e1n<\/td>\n<td align=\"center\">Horv\u00e1th Zolt\u00e1n<\/td>\n<td align=\"center\">Horv\u00e1th Zolt\u00e1n<\/td>\n<td align=\"center\">B\u00e1rsony K\u00e1roly<\/td>\n<td align=\"center\">Anlauf Attila<\/td>\n<\/tr>\n<tr>\n<td align=\"left\" height=\"36\"><\/td>\n<td align=\"center\">Horv\u00e1th L\u00e1szl\u00f3<\/td>\n<td align=\"center\">Kiss Ott\u00f3<\/td>\n<td align=\"center\">Husz\u00e1r Istv\u00e1nn\u00e9<\/td>\n<td align=\"center\">Husz\u00e1r Istv\u00e1nn\u00e9<\/td>\n<td align=\"center\">Husz\u00e1r Istv\u00e1nn\u00e9<\/td>\n<td align=\"center\">Kiss L\u00e1szl\u00f3<\/td>\n<td align=\"center\">B\u00e1rsony K\u00e1roly<\/td>\n<\/tr>\n<tr>\n<td align=\"left\" height=\"36\"><\/td>\n<td align=\"center\">Kasz\u00e1s P\u00e9tern\u00e9<\/td>\n<td align=\"center\">L\u00fcl\u00f6k Viktorn\u00e9<\/td>\n<td align=\"center\">Kiss L\u00e1szl\u00f3<\/td>\n<td align=\"center\">Kiss L\u00e1szl\u00f3<\/td>\n<td align=\"center\">Kiss L\u00e1szl\u00f3<\/td>\n<td align=\"center\">L\u00fcl\u00f6k Tibor<\/td>\n<td align=\"center\">N\u00e9meth Tam\u00e1sn\u00e9<\/td>\n<\/tr>\n<tr>\n<td align=\"left\" height=\"36\"><\/td>\n<td align=\"center\">Kov\u00e1cs J\u00f3zsefn\u00e9<\/td>\n<td align=\"center\">Mucz\u00e1rt J\u00f3zsef<\/td>\n<td align=\"center\">T\u00f3th Zolt\u00e1n<\/td>\n<td align=\"center\">T\u00f3th Zolt\u00e1n<\/td>\n<td align=\"center\">L\u00fcl\u00f6k Tibor<\/td>\n<td align=\"center\">Szigeti Istv\u00e1nn\u00e9<\/td>\n<td align=\"center\">Szigeti Istv\u00e1nn\u00e9<\/td>\n<\/tr>\n<tr>\n<td align=\"left\" height=\"36\"><\/td>\n<td align=\"center\">Szigeti Istv\u00e1n<\/td>\n<td align=\"center\">N\u00e9meth Tam\u00e1sn\u00e9<\/td>\n<td align=\"center\">V\u00f6r\u00f6s Antal<\/td>\n<td align=\"center\">V\u00f6r\u00f6s Antal<\/td>\n<td align=\"center\">V\u00f6r\u00f6s Antal<\/td>\n<td align=\"center\"><\/td>\n<td align=\"center\"><\/td>\n<\/tr>\n<\/tbody>\n<\/table>\n","protected":false},"excerpt":{"rendered":"<p>Polg\u00e1rmesteri k\u00f6sz\u00f6nt\u0151 Tisztelettel \u00e9s szeretettel k\u00f6sz\u00f6nt\u00f6m \u00d6nt k\u00f6zs\u00e9g\u00fcnk hivatalos honlapj\u00e1n Kilim\u00e1n lakoss\u00e1ga \u00e9s \u00f6nkorm\u00e1nyzata nev\u00e9ben. Oldalainkon sok \u00e9rdekess\u00e9get tudhat meg a falu m\u00faltj\u00e1r\u00f3l, jelen\u00e9r\u0151l, valamint a j\u00f6v\u0151re vonatkoz\u00f3 terveinkr\u0151l, elk\u00e9pzel\u00e9seinkr\u0151l. Sz\u00e1mos inform\u00e1ci\u00f3val szolg\u00e1lunk, az \u00f6nkorm\u00e1nyzati munka, k\u00f6z\u00f6ss\u00e9gi rendezv\u00e9nyeink, valamint a k\u00f6z\u00f6s hivatal \u00fcgyint\u00e9z\u00e9si rendj\u00e9r\u0151l is. A honlapunkon szerepl\u0151 k\u00e9pek is bizony\u00edtj\u00e1k, hogy sz\u00e1mos rendezv\u00e9nyt tartunk [&hellip;]<\/p>\n","protected":false},"author":1,"featured_media":0,"parent":0,"menu_order":0,"comment_status":"open","ping_status":"closed","template":"","meta":{"footnotes":""},"class_list":["post-6","page","type-page","status-publish","hentry"],"_links":{"self":[{"href":"https:\/\/kiliman.hu\/index.php?rest_route=\/wp\/v2\/pages\/6","targetHints":{"allow":["GET"]}}],"collection":[{"href":"https:\/\/kiliman.hu\/index.php?rest_route=\/wp\/v2\/pages"}],"about":[{"href":"https:\/\/kiliman.hu\/index.php?rest_route=\/wp\/v2\/types\/page"}],"author":[{"embeddable":true,"href":"https:\/\/kiliman.hu\/index.php?rest_route=\/wp\/v2\/users\/1"}],"replies":[{"embeddable":true,"href":"https:\/\/kiliman.hu\/index.php?rest_route=%2Fwp%2Fv2%2Fcomments&post=6"}],"version-history":[{"count":24,"href":"https:\/\/kiliman.hu\/index.php?rest_route=\/wp\/v2\/pages\/6\/revisions"}],"predecessor-version":[{"id":1993,"href":"https:\/\/kiliman.hu\/index.php?rest_route=\/wp\/v2\/pages\/6\/revisions\/1993"}],"wp:attachment":[{"href":"https:\/\/kiliman.hu\/index.php?rest_route=%2Fwp%2Fv2%2Fmedia&parent=6"}],"curies":[{"name":"wp","href":"https:\/\/api.w.org\/{rel}","templated":true}]}}