{"id":2039,"date":"2023-11-28T07:39:13","date_gmt":"2023-11-28T07:39:13","guid":{"rendered":"http:\/\/kiliman.hu\/?page_id=2039"},"modified":"2023-11-28T08:08:38","modified_gmt":"2023-11-28T08:08:38","slug":"temeto","status":"publish","type":"page","link":"https:\/\/kiliman.hu\/?page_id=2039","title":{"rendered":"Temet\u0151"},"content":{"rendered":"<p>Az al\u00e1bbi linkre kattintva, lehet\u0151s\u00e9g\u00fck ny\u00edlik a kilim\u00e1ni temet\u0151ben a s\u00edrhelyek keres\u00e9s\u00e9re.<\/p>\n<p><a href=\"https:\/\/kiliman.hu\/temeto\/\">https:\/\/kiliman.hu\/temeto\/<\/a><\/p>\n\n\n<p><\/p>\n","protected":false},"excerpt":{"rendered":"<p>Az al\u00e1bbi linkre kattintva, lehet\u0151s\u00e9g\u00fck ny\u00edlik a kilim\u00e1ni temet\u0151ben a s\u00edrhelyek keres\u00e9s\u00e9re. https:\/\/kiliman.hu\/temeto\/<\/p>\n","protected":false},"author":1,"featured_media":0,"parent":0,"menu_order":0,"comment_status":"closed","ping_status":"closed","template":"","meta":{"footnotes":""},"class_list":["post-2039","page","type-page","status-publish","hentry"],"_links":{"self":[{"href":"https:\/\/kiliman.hu\/index.php?rest_route=\/wp\/v2\/pages\/2039","targetHints":{"allow":["GET"]}}],"collection":[{"href":"https:\/\/kiliman.hu\/index.php?rest_route=\/wp\/v2\/pages"}],"about":[{"href":"https:\/\/kiliman.hu\/index.php?rest_route=\/wp\/v2\/types\/page"}],"author":[{"embeddable":true,"href":"https:\/\/kiliman.hu\/index.php?rest_route=\/wp\/v2\/users\/1"}],"replies":[{"embeddable":true,"href":"https:\/\/kiliman.hu\/index.php?rest_route=%2Fwp%2Fv2%2Fcomments&post=2039"}],"version-history":[{"count":3,"href":"https:\/\/kiliman.hu\/index.php?rest_route=\/wp\/v2\/pages\/2039\/revisions"}],"predecessor-version":[{"id":2045,"href":"https:\/\/kiliman.hu\/index.php?rest_route=\/wp\/v2\/pages\/2039\/revisions\/2045"}],"wp:attachment":[{"href":"https:\/\/kiliman.hu\/index.php?rest_route=%2Fwp%2Fv2%2Fmedia&parent=2039"}],"curies":[{"name":"wp","href":"https:\/\/api.w.org\/{rel}","templated":true}]}}