{"id":2007,"date":"2023-11-07T13:33:15","date_gmt":"2023-11-07T13:33:15","guid":{"rendered":"http:\/\/kiliman.hu\/?page_id=2007"},"modified":"2024-10-08T07:51:54","modified_gmt":"2024-10-08T07:51:54","slug":"valasztasi-informaciok","status":"publish","type":"page","link":"https:\/\/kiliman.hu\/?page_id=2007","title":{"rendered":"V\u00e1laszt\u00e1si inform\u00e1ci\u00f3k"},"content":{"rendered":"\n<figure class=\"wp-block-image size-large\"><a href=\"https:\/\/kiliman.hu\/wp-content\/uploads\/2024\/10\/meghivo-alakulo-ulesre-2024-1-scaled.jpg\"><img loading=\"lazy\" decoding=\"async\" width=\"724\" height=\"1024\" src=\"https:\/\/kiliman.hu\/wp-content\/uploads\/2024\/10\/meghivo-alakulo-ulesre-2024-1-724x1024.jpg\" alt=\"\" class=\"wp-image-11481\" srcset=\"https:\/\/kiliman.hu\/wp-content\/uploads\/2024\/10\/meghivo-alakulo-ulesre-2024-1-724x1024.jpg 724w, https:\/\/kiliman.hu\/wp-content\/uploads\/2024\/10\/meghivo-alakulo-ulesre-2024-1-212x300.jpg 212w, https:\/\/kiliman.hu\/wp-content\/uploads\/2024\/10\/meghivo-alakulo-ulesre-2024-1-768x1086.jpg 768w, https:\/\/kiliman.hu\/wp-content\/uploads\/2024\/10\/meghivo-alakulo-ulesre-2024-1-1086x1536.jpg 1086w, https:\/\/kiliman.hu\/wp-content\/uploads\/2024\/10\/meghivo-alakulo-ulesre-2024-1-1448x2048.jpg 1448w, https:\/\/kiliman.hu\/wp-content\/uploads\/2024\/10\/meghivo-alakulo-ulesre-2024-1-250x354.jpg 250w, https:\/\/kiliman.hu\/wp-content\/uploads\/2024\/10\/meghivo-alakulo-ulesre-2024-1-scaled.jpg 1810w\" sizes=\"auto, (max-width: 724px) 100vw, 724px\" \/><\/a><\/figure>\n\n\n\n<div data-wp-interactive=\"core\/file\" class=\"wp-block-file\"><object data-wp-bind--hidden=\"!state.hasPdfPreview\" hidden class=\"wp-block-file__embed\" data=\"https:\/\/kiliman.hu\/wp-content\/uploads\/2024\/06\/Kiliman-jegyzokonyv-2024-06-09.pdf\" type=\"application\/pdf\" style=\"width:100%;height:600px\" aria-label=\"Kiliman-jegyzokonyv-2024-06-09 be\u00e1gyaz\u00e1sa be\u00e1gyaz\u00e1sa\"><\/object><a href=\"https:\/\/kiliman.hu\/wp-content\/uploads\/2024\/06\/Kiliman-jegyzokonyv-2024-06-09.pdf\">Kiliman-jegyzokonyv-2024-06-09<\/a><a href=\"https:\/\/kiliman.hu\/wp-content\/uploads\/2024\/06\/Kiliman-jegyzokonyv-2024-06-09.pdf\" class=\"wp-block-file__button\" download>Let\u00f6lt\u00e9s<\/a><\/div>\n\n\n\n<div data-wp-interactive=\"core\/file\" class=\"wp-block-file\"><object data-wp-bind--hidden=\"!state.hasPdfPreview\" hidden class=\"wp-block-file__embed\" data=\"https:\/\/kiliman.hu\/wp-content\/uploads\/2024\/06\/Kiliman-hatarozat-2024-06-09.pdf\" type=\"application\/pdf\" style=\"width:100%;height:600px\" aria-label=\"Kiliman-hatarozat-2024-06-09 be\u00e1gyaz\u00e1sa be\u00e1gyaz\u00e1sa\"><\/object><a href=\"https:\/\/kiliman.hu\/wp-content\/uploads\/2024\/06\/Kiliman-hatarozat-2024-06-09.pdf\">Kiliman-hatarozat-2024-06-09<\/a><a href=\"https:\/\/kiliman.hu\/wp-content\/uploads\/2024\/06\/Kiliman-hatarozat-2024-06-09.pdf\" class=\"wp-block-file__button\" download>Let\u00f6lt\u00e9s<\/a><\/div>\n\n\n\n<div data-wp-interactive=\"core\/file\" class=\"wp-block-file\"><object data-wp-bind--hidden=\"!state.hasPdfPreview\" hidden class=\"wp-block-file__embed\" data=\"https:\/\/kiliman.hu\/wp-content\/uploads\/2024\/06\/Valasztasi-informaciok-2-2.pdf\" type=\"application\/pdf\" style=\"width:100%;height:600px\" aria-label=\"Valasztasi-informaciok-2-2 be\u00e1gyaz\u00e1sa be\u00e1gyaz\u00e1sa\"><\/object><a href=\"https:\/\/kiliman.hu\/wp-content\/uploads\/2024\/06\/Valasztasi-informaciok-2-2.pdf\">Valasztasi-informaciok-2-2<\/a><a href=\"https:\/\/kiliman.hu\/wp-content\/uploads\/2024\/06\/Valasztasi-informaciok-2-2.pdf\" class=\"wp-block-file__button\" download>Let\u00f6lt\u00e9s<\/a><\/div>\n\n\n\n<div data-wp-interactive=\"core\/file\" class=\"wp-block-file\"><object data-wp-bind--hidden=\"!state.hasPdfPreview\" hidden class=\"wp-block-file__embed\" data=\"https:\/\/kiliman.hu\/wp-content\/uploads\/2024\/05\/HVB-jegyzokonyv-imprimalas-Kiliman.pdf\" type=\"application\/pdf\" style=\"width:100%;height:600px\" aria-label=\"HVB-jegyzokonyv-imprimalas-Kiliman be\u00e1gyaz\u00e1sa be\u00e1gyaz\u00e1sa\"><\/object><a href=\"https:\/\/kiliman.hu\/wp-content\/uploads\/2024\/05\/HVB-jegyzokonyv-imprimalas-Kiliman.pdf\">HVB-jegyzokonyv-imprimalas-Kiliman<\/a><a href=\"https:\/\/kiliman.hu\/wp-content\/uploads\/2024\/05\/HVB-jegyzokonyv-imprimalas-Kiliman.pdf\" class=\"wp-block-file__button\" download>Let\u00f6lt\u00e9s<\/a><\/div>\n\n\n\n<div data-wp-interactive=\"core\/file\" class=\"wp-block-file\"><object data-wp-bind--hidden=\"!state.hasPdfPreview\" hidden class=\"wp-block-file__embed\" data=\"https:\/\/kiliman.hu\/wp-content\/uploads\/2024\/05\/HVB-hatarozatok-imprimalas-Kiliman.pdf\" type=\"application\/pdf\" style=\"width:100%;height:600px\" aria-label=\"HVB-hatarozatok-imprimalas-Kiliman be\u00e1gyaz\u00e1sa be\u00e1gyaz\u00e1sa\"><\/object><a href=\"https:\/\/kiliman.hu\/wp-content\/uploads\/2024\/05\/HVB-hatarozatok-imprimalas-Kiliman.pdf\">HVB-hatarozatok-imprimalas-Kiliman<\/a><a href=\"https:\/\/kiliman.hu\/wp-content\/uploads\/2024\/05\/HVB-hatarozatok-imprimalas-Kiliman.pdf\" class=\"wp-block-file__button\" download>Let\u00f6lt\u00e9s<\/a><\/div>\n\n\n\n<div data-wp-interactive=\"core\/file\" class=\"wp-block-file\"><object data-wp-bind--hidden=\"!state.hasPdfPreview\" hidden class=\"wp-block-file__embed\" data=\"https:\/\/kiliman.hu\/wp-content\/uploads\/2024\/05\/MeghivoHVBKiliman0514-1.pdf\" type=\"application\/pdf\" style=\"width:100%;height:600px\" aria-label=\"MeghivoHVBKiliman0514-1 be\u00e1gyaz\u00e1sa be\u00e1gyaz\u00e1sa\"><\/object><a href=\"https:\/\/kiliman.hu\/wp-content\/uploads\/2024\/05\/MeghivoHVBKiliman0514-1.pdf\">MeghivoHVBKiliman0514-1<\/a><a href=\"https:\/\/kiliman.hu\/wp-content\/uploads\/2024\/05\/MeghivoHVBKiliman0514-1.pdf\" class=\"wp-block-file__button\" download>Let\u00f6lt\u00e9s<\/a><\/div>\n\n\n\n<div data-wp-interactive=\"core\/file\" class=\"wp-block-file\"><object data-wp-bind--hidden=\"!state.hasPdfPreview\" hidden class=\"wp-block-file__embed\" data=\"https:\/\/kiliman.hu\/wp-content\/uploads\/2024\/05\/HatarozatokKilimanHVB0506.pdf\" type=\"application\/pdf\" style=\"width:100%;height:600px\" aria-label=\"HatarozatokKilimanHVB0506 be\u00e1gyaz\u00e1sa be\u00e1gyaz\u00e1sa\"><\/object><a href=\"https:\/\/kiliman.hu\/wp-content\/uploads\/2024\/05\/HatarozatokKilimanHVB0506.pdf\">HatarozatokKilimanHVB0506<\/a><a href=\"https:\/\/kiliman.hu\/wp-content\/uploads\/2024\/05\/HatarozatokKilimanHVB0506.pdf\" class=\"wp-block-file__button\" download>Let\u00f6lt\u00e9s<\/a><\/div>\n\n\n\n<div data-wp-interactive=\"core\/file\" class=\"wp-block-file\"><object data-wp-bind--hidden=\"!state.hasPdfPreview\" hidden class=\"wp-block-file__embed\" data=\"https:\/\/kiliman.hu\/wp-content\/uploads\/2024\/05\/JegyzokonyvKilimanHVB0506.pdf\" type=\"application\/pdf\" style=\"width:100%;height:600px\" aria-label=\"JegyzokonyvKilimanHVB0506 be\u00e1gyaz\u00e1sa be\u00e1gyaz\u00e1sa\"><\/object><a href=\"https:\/\/kiliman.hu\/wp-content\/uploads\/2024\/05\/JegyzokonyvKilimanHVB0506.pdf\">JegyzokonyvKilimanHVB0506<\/a><a href=\"https:\/\/kiliman.hu\/wp-content\/uploads\/2024\/05\/JegyzokonyvKilimanHVB0506.pdf\" class=\"wp-block-file__button\" download>Let\u00f6lt\u00e9s<\/a><\/div>\n\n\n\n<div data-wp-interactive=\"core\/file\" class=\"wp-block-file\"><object data-wp-bind--hidden=\"!state.hasPdfPreview\" hidden class=\"wp-block-file__embed\" data=\"https:\/\/kiliman.hu\/wp-content\/uploads\/2024\/05\/JegyzokonyvKilimanHVB0503.pdf\" type=\"application\/pdf\" style=\"width:100%;height:600px\" aria-label=\"JegyzokonyvKilimanHVB0503 be\u00e1gyaz\u00e1sa be\u00e1gyaz\u00e1sa\"><\/object><a href=\"https:\/\/kiliman.hu\/wp-content\/uploads\/2024\/05\/JegyzokonyvKilimanHVB0503.pdf\">JegyzokonyvKilimanHVB0503<\/a><a href=\"https:\/\/kiliman.hu\/wp-content\/uploads\/2024\/05\/JegyzokonyvKilimanHVB0503.pdf\" class=\"wp-block-file__button\" download>Let\u00f6lt\u00e9s<\/a><\/div>\n\n\n\n<div data-wp-interactive=\"core\/file\" class=\"wp-block-file\"><object data-wp-bind--hidden=\"!state.hasPdfPreview\" hidden class=\"wp-block-file__embed\" data=\"https:\/\/kiliman.hu\/wp-content\/uploads\/2024\/05\/HatarozatokKilimanHVB0503.pdf\" type=\"application\/pdf\" style=\"width:100%;height:600px\" aria-label=\"HatarozatokKilimanHVB0503 be\u00e1gyaz\u00e1sa be\u00e1gyaz\u00e1sa\"><\/object><a href=\"https:\/\/kiliman.hu\/wp-content\/uploads\/2024\/05\/HatarozatokKilimanHVB0503.pdf\">HatarozatokKilimanHVB0503<\/a><a href=\"https:\/\/kiliman.hu\/wp-content\/uploads\/2024\/05\/HatarozatokKilimanHVB0503.pdf\" class=\"wp-block-file__button\" download>Let\u00f6lt\u00e9s<\/a><\/div>\n\n\n\n<div data-wp-interactive=\"core\/file\" class=\"wp-block-file\"><object data-wp-bind--hidden=\"!state.hasPdfPreview\" hidden class=\"wp-block-file__embed\" data=\"https:\/\/kiliman.hu\/wp-content\/uploads\/2024\/05\/MeghivoKilimanHVB0506.pdf\" type=\"application\/pdf\" style=\"width:100%;height:600px\" aria-label=\"MeghivoKilimanHVB0506 be\u00e1gyaz\u00e1sa be\u00e1gyaz\u00e1sa\"><\/object><a href=\"https:\/\/kiliman.hu\/wp-content\/uploads\/2024\/05\/MeghivoKilimanHVB0506.pdf\">MeghivoKilimanHVB0506<\/a><a href=\"https:\/\/kiliman.hu\/wp-content\/uploads\/2024\/05\/MeghivoKilimanHVB0506.pdf\" class=\"wp-block-file__button\" download>Let\u00f6lt\u00e9s<\/a><\/div>\n\n\n\n<div data-wp-interactive=\"core\/file\" class=\"wp-block-file\"><object data-wp-bind--hidden=\"!state.hasPdfPreview\" hidden class=\"wp-block-file__embed\" data=\"https:\/\/kiliman.hu\/wp-content\/uploads\/2024\/05\/MeghivoHVBKiliman0503.pdf\" type=\"application\/pdf\" style=\"width:100%;height:600px\" aria-label=\"MeghivoHVBKiliman0503 be\u00e1gyaz\u00e1sa be\u00e1gyaz\u00e1sa\"><\/object><a href=\"https:\/\/kiliman.hu\/wp-content\/uploads\/2024\/05\/MeghivoHVBKiliman0503.pdf\">MeghivoHVBKiliman0503<\/a><a href=\"https:\/\/kiliman.hu\/wp-content\/uploads\/2024\/05\/MeghivoHVBKiliman0503.pdf\" class=\"wp-block-file__button\" download>Let\u00f6lt\u00e9s<\/a><\/div>\n\n\n\n<div data-wp-interactive=\"core\/file\" class=\"wp-block-file\"><object data-wp-bind--hidden=\"!state.hasPdfPreview\" hidden class=\"wp-block-file__embed\" data=\"https:\/\/kiliman.hu\/wp-content\/uploads\/2024\/04\/1_2024_HVBhatarozat_Kiliman.pdf\" type=\"application\/pdf\" style=\"width:100%;height:600px\" aria-label=\"1_2024_HVBhatarozat_Kiliman be\u00e1gyaz\u00e1sa be\u00e1gyaz\u00e1sa\"><\/object><a href=\"https:\/\/kiliman.hu\/wp-content\/uploads\/2024\/04\/1_2024_HVBhatarozat_Kiliman.pdf\">1_2024_HVBhatarozat_Kiliman<\/a><a href=\"https:\/\/kiliman.hu\/wp-content\/uploads\/2024\/04\/1_2024_HVBhatarozat_Kiliman.pdf\" class=\"wp-block-file__button\" download>Let\u00f6lt\u00e9s<\/a><\/div>\n\n\n\n<div data-wp-interactive=\"core\/file\" class=\"wp-block-file\"><object data-wp-bind--hidden=\"!state.hasPdfPreview\" hidden class=\"wp-block-file__embed\" data=\"https:\/\/kiliman.hu\/wp-content\/uploads\/2024\/04\/jegyzokonyvKilimanHVB0425.pdf\" type=\"application\/pdf\" style=\"width:100%;height:600px\" aria-label=\"jegyzokonyvKilimanHVB0425 be\u00e1gyaz\u00e1sa be\u00e1gyaz\u00e1sa\"><\/object><a href=\"https:\/\/kiliman.hu\/wp-content\/uploads\/2024\/04\/jegyzokonyvKilimanHVB0425.pdf\">jegyzokonyvKilimanHVB0425<\/a><a href=\"https:\/\/kiliman.hu\/wp-content\/uploads\/2024\/04\/jegyzokonyvKilimanHVB0425.pdf\" class=\"wp-block-file__button\" download>Let\u00f6lt\u00e9s<\/a><\/div>\n\n\n\n<figure class=\"wp-block-image size-large\"><a href=\"https:\/\/kiliman.hu\/wp-content\/uploads\/2024\/04\/S36C-6e24042313521.jpg\"><img loading=\"lazy\" decoding=\"async\" width=\"724\" height=\"1024\" src=\"https:\/\/kiliman.hu\/wp-content\/uploads\/2024\/04\/S36C-6e24042313521-724x1024.jpg\" alt=\"\" class=\"wp-image-7277\" srcset=\"https:\/\/kiliman.hu\/wp-content\/uploads\/2024\/04\/S36C-6e24042313521-724x1024.jpg 724w, https:\/\/kiliman.hu\/wp-content\/uploads\/2024\/04\/S36C-6e24042313521-212x300.jpg 212w, https:\/\/kiliman.hu\/wp-content\/uploads\/2024\/04\/S36C-6e24042313521-768x1086.jpg 768w, https:\/\/kiliman.hu\/wp-content\/uploads\/2024\/04\/S36C-6e24042313521-1086x1536.jpg 1086w, https:\/\/kiliman.hu\/wp-content\/uploads\/2024\/04\/S36C-6e24042313521-250x354.jpg 250w, https:\/\/kiliman.hu\/wp-content\/uploads\/2024\/04\/S36C-6e24042313521.jpg 1190w\" sizes=\"auto, (max-width: 724px) 100vw, 724px\" \/><\/a><\/figure>\n\n\n\n<div data-wp-interactive=\"core\/file\" class=\"wp-block-file\"><object data-wp-bind--hidden=\"!state.hasPdfPreview\" hidden class=\"wp-block-file__embed\" data=\"https:\/\/kiliman.hu\/wp-content\/uploads\/2023\/11\/Szavazokorok-hatarozat-Kiliman-1.pdf\" type=\"application\/pdf\" style=\"width:100%;height:600px\" aria-label=\"Szavazokorok-hatarozat-Kiliman-1 be\u00e1gyaz\u00e1sa be\u00e1gyaz\u00e1sa\"><\/object><a href=\"https:\/\/kiliman.hu\/wp-content\/uploads\/2023\/11\/Szavazokorok-hatarozat-Kiliman-1.pdf\">Szavazokorok-hatarozat-Kiliman-1<\/a><a href=\"https:\/\/kiliman.hu\/wp-content\/uploads\/2023\/11\/Szavazokorok-hatarozat-Kiliman-1.pdf\" class=\"wp-block-file__button\" download>Let\u00f6lt\u00e9s<\/a><\/div>\n\n\n\n<div data-wp-interactive=\"core\/file\" class=\"wp-block-file\"><object data-wp-bind--hidden=\"!state.hasPdfPreview\" hidden class=\"wp-block-file__embed\" data=\"https:\/\/kiliman.hu\/wp-content\/uploads\/2023\/11\/HVI_vezetoi_hatarozat_Kiliman-1.pdf\" type=\"application\/pdf\" style=\"width:100%;height:600px\" aria-label=\"HVI_vezetoi_hatarozat_Kiliman-1 be\u00e1gyaz\u00e1sa be\u00e1gyaz\u00e1sa\"><\/object><a href=\"https:\/\/kiliman.hu\/wp-content\/uploads\/2023\/11\/HVI_vezetoi_hatarozat_Kiliman-1.pdf\">HVI_vezetoi_hatarozat_Kiliman-1<\/a><a href=\"https:\/\/kiliman.hu\/wp-content\/uploads\/2023\/11\/HVI_vezetoi_hatarozat_Kiliman-1.pdf\" class=\"wp-block-file__button\" download>Let\u00f6lt\u00e9s<\/a><\/div>\n\n\n\n<div data-wp-interactive=\"core\/file\" class=\"wp-block-file\"><object data-wp-bind--hidden=\"!state.hasPdfPreview\" hidden class=\"wp-block-file__embed\" data=\"https:\/\/kiliman.hu\/wp-content\/uploads\/2024\/04\/KilimanHVB20240425.pdf\" type=\"application\/pdf\" style=\"width:100%;height:600px\" aria-label=\"KilimanHVB20240425 be\u00e1gyaz\u00e1sa be\u00e1gyaz\u00e1sa\"><\/object><a href=\"https:\/\/kiliman.hu\/wp-content\/uploads\/2024\/04\/KilimanHVB20240425.pdf\">KilimanHVB20240425<\/a><a href=\"https:\/\/kiliman.hu\/wp-content\/uploads\/2024\/04\/KilimanHVB20240425.pdf\" class=\"wp-block-file__button\" download>Let\u00f6lt\u00e9s<\/a><\/div>\n\n\n\n<div data-wp-interactive=\"core\/file\" class=\"wp-block-file\"><object data-wp-bind--hidden=\"!state.hasPdfPreview\" hidden class=\"wp-block-file__embed\" data=\"https:\/\/kiliman.hu\/wp-content\/uploads\/2023\/11\/Alakulo_ules_hatarozatai_Kiliman_HVB-1.pdf\" type=\"application\/pdf\" style=\"width:100%;height:600px\" aria-label=\"Alakulo_ules_hatarozatai_Kiliman_HVB-1 be\u00e1gyaz\u00e1sa be\u00e1gyaz\u00e1sa\"><\/object><a href=\"https:\/\/kiliman.hu\/wp-content\/uploads\/2023\/11\/Alakulo_ules_hatarozatai_Kiliman_HVB-1.pdf\">Alakulo_ules_hatarozatai_Kiliman_HVB-1<\/a><a href=\"https:\/\/kiliman.hu\/wp-content\/uploads\/2023\/11\/Alakulo_ules_hatarozatai_Kiliman_HVB-1.pdf\" class=\"wp-block-file__button\" download>Let\u00f6lt\u00e9s<\/a><\/div>\n","protected":false},"excerpt":{"rendered":"","protected":false},"author":1,"featured_media":0,"parent":0,"menu_order":0,"comment_status":"closed","ping_status":"closed","template":"","meta":{"footnotes":""},"class_list":["post-2007","page","type-page","status-publish","hentry"],"_links":{"self":[{"href":"https:\/\/kiliman.hu\/index.php?rest_route=\/wp\/v2\/pages\/2007","targetHints":{"allow":["GET"]}}],"collection":[{"href":"https:\/\/kiliman.hu\/index.php?rest_route=\/wp\/v2\/pages"}],"about":[{"href":"https:\/\/kiliman.hu\/index.php?rest_route=\/wp\/v2\/types\/page"}],"author":[{"embeddable":true,"href":"https:\/\/kiliman.hu\/index.php?rest_route=\/wp\/v2\/users\/1"}],"replies":[{"embeddable":true,"href":"https:\/\/kiliman.hu\/index.php?rest_route=%2Fwp%2Fv2%2Fcomments&post=2007"}],"version-history":[{"count":28,"href":"https:\/\/kiliman.hu\/index.php?rest_route=\/wp\/v2\/pages\/2007\/revisions"}],"predecessor-version":[{"id":11483,"href":"https:\/\/kiliman.hu\/index.php?rest_route=\/wp\/v2\/pages\/2007\/revisions\/11483"}],"wp:attachment":[{"href":"https:\/\/kiliman.hu\/index.php?rest_route=%2Fwp%2Fv2%2Fmedia&parent=2007"}],"curies":[{"name":"wp","href":"https:\/\/api.w.org\/{rel}","templated":true}]}}