{"id":1678,"date":"2017-11-28T19:26:37","date_gmt":"2017-11-28T19:26:37","guid":{"rendered":"http:\/\/kiliman.hu\/?page_id=1678"},"modified":"2018-09-12T11:42:05","modified_gmt":"2018-09-12T11:42:05","slug":"jegyzokonyvek","status":"publish","type":"page","link":"https:\/\/kiliman.hu\/?page_id=1678","title":{"rendered":"Jegyz\u0151k\u00f6nyvek"},"content":{"rendered":"<p>Let\u00f6lthet\u0151 PDF jegyz\u0151k\u00f6nyvek<\/p>\n<p><a href=\"http:\/\/www.njt.hu\/njt.php?onkormanyzati_rendeletek\">http:\/\/www.njt.hu\/njt.php?onkormanyzati_rendeletek<\/a><\/p>\n","protected":false},"excerpt":{"rendered":"<p>Let\u00f6lthet\u0151 PDF jegyz\u0151k\u00f6nyvek http:\/\/www.njt.hu\/njt.php?onkormanyzati_rendeletek<\/p>\n","protected":false},"author":1,"featured_media":0,"parent":0,"menu_order":0,"comment_status":"closed","ping_status":"closed","template":"","meta":{"footnotes":""},"class_list":["post-1678","page","type-page","status-publish","hentry"],"_links":{"self":[{"href":"https:\/\/kiliman.hu\/index.php?rest_route=\/wp\/v2\/pages\/1678","targetHints":{"allow":["GET"]}}],"collection":[{"href":"https:\/\/kiliman.hu\/index.php?rest_route=\/wp\/v2\/pages"}],"about":[{"href":"https:\/\/kiliman.hu\/index.php?rest_route=\/wp\/v2\/types\/page"}],"author":[{"embeddable":true,"href":"https:\/\/kiliman.hu\/index.php?rest_route=\/wp\/v2\/users\/1"}],"replies":[{"embeddable":true,"href":"https:\/\/kiliman.hu\/index.php?rest_route=%2Fwp%2Fv2%2Fcomments&post=1678"}],"version-history":[{"count":7,"href":"https:\/\/kiliman.hu\/index.php?rest_route=\/wp\/v2\/pages\/1678\/revisions"}],"predecessor-version":[{"id":1773,"href":"https:\/\/kiliman.hu\/index.php?rest_route=\/wp\/v2\/pages\/1678\/revisions\/1773"}],"wp:attachment":[{"href":"https:\/\/kiliman.hu\/index.php?rest_route=%2Fwp%2Fv2%2Fmedia&parent=1678"}],"curies":[{"name":"wp","href":"https:\/\/api.w.org\/{rel}","templated":true}]}}