{"id":1633,"date":"2016-12-15T06:34:45","date_gmt":"2016-12-15T06:34:45","guid":{"rendered":"http:\/\/kiliman.hu\/?page_id=1633"},"modified":"2018-02-15T08:12:48","modified_gmt":"2018-02-15T08:12:48","slug":"rendeletek","status":"publish","type":"page","link":"https:\/\/kiliman.hu\/?page_id=1633","title":{"rendered":"Rendeletek"},"content":{"rendered":"<p><a href=\"https:\/\/kiliman.hu\/wp-content\/uploads\/2018\/02\/T\u00e1j\u00e9koztat\u00e1s-a-lak\u00f3hely-k\u00f6rnyezeti-\u00e1llapot\u00e1r\u00f3l.pdf\">T\u00e1j\u00e9koztat\u00e1s a lak\u00f3hely k\u00f6rnyezeti \u00e1llapot\u00e1r\u00f3l<\/a><\/p>\n","protected":false},"excerpt":{"rendered":"<p>T\u00e1j\u00e9koztat\u00e1s a lak\u00f3hely k\u00f6rnyezeti \u00e1llapot\u00e1r\u00f3l<\/p>\n","protected":false},"author":1,"featured_media":0,"parent":0,"menu_order":0,"comment_status":"closed","ping_status":"closed","template":"","meta":{"footnotes":""},"class_list":["post-1633","page","type-page","status-publish","hentry"],"_links":{"self":[{"href":"https:\/\/kiliman.hu\/index.php?rest_route=\/wp\/v2\/pages\/1633","targetHints":{"allow":["GET"]}}],"collection":[{"href":"https:\/\/kiliman.hu\/index.php?rest_route=\/wp\/v2\/pages"}],"about":[{"href":"https:\/\/kiliman.hu\/index.php?rest_route=\/wp\/v2\/types\/page"}],"author":[{"embeddable":true,"href":"https:\/\/kiliman.hu\/index.php?rest_route=\/wp\/v2\/users\/1"}],"replies":[{"embeddable":true,"href":"https:\/\/kiliman.hu\/index.php?rest_route=%2Fwp%2Fv2%2Fcomments&post=1633"}],"version-history":[{"count":3,"href":"https:\/\/kiliman.hu\/index.php?rest_route=\/wp\/v2\/pages\/1633\/revisions"}],"predecessor-version":[{"id":1712,"href":"https:\/\/kiliman.hu\/index.php?rest_route=\/wp\/v2\/pages\/1633\/revisions\/1712"}],"wp:attachment":[{"href":"https:\/\/kiliman.hu\/index.php?rest_route=%2Fwp%2Fv2%2Fmedia&parent=1633"}],"curies":[{"name":"wp","href":"https:\/\/api.w.org\/{rel}","templated":true}]}}