{"id":1134,"date":"2016-01-21T08:52:51","date_gmt":"2016-01-21T08:52:51","guid":{"rendered":"http:\/\/kiliman.hu\/?page_id=1134"},"modified":"2023-05-08T13:14:34","modified_gmt":"2023-05-08T13:14:34","slug":"fogadoorak","status":"publish","type":"page","link":"https:\/\/kiliman.hu\/?page_id=1134","title":{"rendered":"Fogad\u00f3\u00f3r\u00e1k, rendel\u00e9si id\u0151k"},"content":{"rendered":"<p><strong>POLG\u00c1RMESTERI FOGAD\u00d3\u00d3RA:<\/strong><\/p>\n<p>helye: Kilim\u00e1ni Polg\u00e1rmesteri Hivatal<\/p>\n<p>ideje: telefonos egyeztet\u00e9s alapj\u00e1n<\/p>\n<p><strong>TK\u00c1LECZ KRISZTINA FALUGAZD\u00c1SZ FOGAD\u00d3\u00d3R\u00c1JA:<\/strong><\/p>\n<p>helye: Polg\u00e1rmesteri Hivatal Gelse, Kossuth u. 20.<\/p>\n<p>ideje: p\u00e1ratlan heteken szerd\u00e1n 9.00-12.00 (telefonos egyeztet\u00e9s alapj\u00e1n Kilim\u00e1nban a Polg\u00e1rmesteri Hivatalban)<\/p>\n<p>el\u00e9rhet\u0151s\u00e9g:06-30\/569 5781; 06-70\/903 6294<\/p>\n<p><strong>\u00daJUDVARI K\u00d6Z\u00d6S \u00d6NKORM\u00c1NYZATI HIVATAL GELSEI \u00dcGYF\u00c9LSZOLG\u00c1LATI IRODA \u00dcGYF\u00c9LFOGAD\u00c1SI RENDJE:<\/strong><\/p>\n<p>helye: Gelse, Kossuth u. 20.<\/p>\n<p>H\u00e9tf\u0151:\u00a0 8.00-12.00 \u00e9s 13.00-15.00<\/p>\n<p>Kedd: nincs \u00fcgyf\u00e9lfogad\u00e1s<\/p>\n<p>Szerda: 8.00-12.00 \u00e9s 13.00-15.00<\/p>\n<p>Cs\u00fct\u00f6rt\u00f6k: 8.00-12.00 \u00e9s 13.00-15.00<\/p>\n<p>P\u00e9ntek: nincs \u00fcgyf\u00e9lfogad\u00e1s<\/p>\n<p>el\u00e9rhet\u0151s\u00e9gek:<\/p>\n<p>jegyz\u0151: Szalai-Ga\u00e1l M\u00f3nika 06-30\/620-9960<\/p>\n<p>\u00fcgyf\u00e9lszolg\u00e1lati iroda: 06-30\/391-3646<\/p>\n<p><strong>DR. ROSTA L\u00c1SZL\u00d3 H\u00c1ZIORVOS RENDEL\u00c9SI IDEJE: \u00a0 \u00a0 \u00a0 \u00a0 \u00a0 \u00a0 \u00a0 \u00a0 \u00a0 \u00a0 \u00a0 \u00a0 \u00a0 \u00a0 \u00a0 \u00a0 \u00a0 \u00a0 \u00a0 \u00a0 \u00a0 \u00a0 \u00a0 \u00a0(2017.janu\u00e1r 2-t\u0151l)<\/strong><\/p>\n<p>helye: Fels\u0151rajk, Szabads\u00e1g u 48.\u00a0 \u00a0 \u00a0 \u00a0 \u00a0 \u00a0 \u00a0 \u00a0 \u00a0 \u00a0 \u00a0 \u00a0 \u00a0 \u00a0 \u00a0 \u00a0 \u00a0 \u00a0 \u00a0 \u00a0 \u00a0 \u00a0 \u00a0 \u00a0 \u00a0 \u00a0 \u00a0 \u00a0 \u00a0 \u00a0 \u00a0 \u00a0 \u00a0 \u00a0 \u00a0 \u00a0 \u00a0 \u00a0 \u00a0 \u00a0 \u00a0 \u00a0 \u00a0 \u00a0 \u00a0 \u00a0 \u00a0ideje: h\u00e9tf\u0151-p\u00e9ntek: 8.00-12.00<\/p>\n<p>helye: Gelse, Kossuth u. 85.\u00a0 \u00a0 \u00a0 \u00a0 \u00a0 \u00a0 \u00a0 \u00a0 \u00a0 \u00a0 \u00a0 \u00a0 \u00a0 \u00a0 \u00a0 \u00a0 \u00a0 \u00a0 \u00a0 \u00a0 \u00a0 \u00a0 \u00a0 \u00a0 \u00a0 \u00a0 \u00a0 \u00a0 \u00a0 \u00a0 \u00a0 \u00a0 \u00a0 \u00a0 \u00a0 \u00a0 \u00a0 \u00a0 \u00a0 \u00a0 \u00a0 \u00a0 \u00a0 \u00a0 \u00a0 \u00a0 \u00a0 \u00a0 \u00a0 \u00a0 \u00a0 \u00a0 ideje: h\u00e9tf\u0151- cs\u00fct\u00f6rt\u00f6k: 13.00-16.00; p\u00e9ntek: &#8211;<\/p>\n<p><strong>DR. FEKETE B\u00c1LINT FOGORVOS RENDEL\u00c9SI IDEJE:<\/strong><\/p>\n<p>helye: Gelse, Kossuth u. 28.<\/p>\n<p>Telefonos bejelentkez\u00e9s:<\/p>\n<p>H\u00e9tf\u0151-kedd: 9.00-13.00<\/p>\n<p>RENDEL\u00c9SI ID\u0150:<\/p>\n<p>H\u00e9tf\u0151: 7.00-14.00<\/p>\n<p>Kedd: 10.15-18.15<\/p>\n<p>el\u00e9rhet\u0151s\u00e9g: 30\/523 5010\u00a0 \u00a0 \u00a0 Bejelentkez\u00e9s sz\u00fcks\u00e9ges!<\/p>\n<p><strong>K\u00d6RZETI MEGB\u00cdZOTTAK EL\u00c9RHET\u0150S\u00c9GEI:<\/strong><\/p>\n<p><strong>K\u0150R\u00d6SI KRISZTI\u00c1N<\/strong> c.r.f\u0151t\u00f6rzsz\u00e1szl\u00f3s: 20\/400 1861\u00a0 \u00a0 \u00a0 \u00a0 \u00a0 \u00a0 \u00a0 \u00a0 \u00a0 \u00a0 \u00a0 \u00a0 \u00a0 \u00a0 \u00a0 \u00a0 \u00a0 \u00a0 \u00a0 \u00a0 \u00a0 \u00a0 \u00a0 \u00a0 \u00a0(Kilim\u00e1n, Kerecseny, Orosztony)<\/p>\n<p><strong>HORV\u00c1TH ZOLT\u00c1N<\/strong> r.f\u0151t\u00f6rzsz\u00e1szl\u00f3s: 30\/334 4228 \u00a0 \u00a0 \u00a0 \u00a0 \u00a0 \u00a0 \u00a0 \u00a0 \u00a0 \u00a0 \u00a0 \u00a0 \u00a0 \u00a0 \u00a0 \u00a0 \u00a0 \u00a0 \u00a0 \u00a0 \u00a0 \u00a0 \u00a0 (\u00dajudvar, Gelse, Gelsesziget)<\/p>\n<p><strong>BLASKOVICS P\u00c9TER<\/strong> r.f\u0151t\u00f6rzsz\u00e1szl\u00f3s: 30\/650 7528\u00a0 \u00a0 \u00a0 \u00a0 \u00a0 \u00a0 \u00a0 \u00a0 \u00a0 \u00a0 \u00a0 \u00a0 \u00a0 \u00a0 \u00a0 \u00a0 \u00a0 \u00a0 \u00a0 \u00a0 \u00a0 \u00a0 \u00a0 \u00a0 \u00a0 \u00a0 (Zalaszentbal\u00e1zs, B\u00f6rz\u00f6nce, P\u00f6l\u00f6skef\u0151, Kacorlak)<\/p>\n<p><strong>TISZAI J\u00c1NOS<\/strong> r.f\u0151t\u00f6rzs\u0151rmester: 30\/650 7536\u00a0 \u00a0 \u00a0 \u00a0 \u00a0 \u00a0 \u00a0 \u00a0 \u00a0 \u00a0 \u00a0 \u00a0 \u00a0 \u00a0 \u00a0 \u00a0 \u00a0 \u00a0 \u00a0 \u00a0 \u00a0 \u00a0 \u00a0 \u00a0 \u00a0 \u00a0 \u00a0 \u00a0 \u00a0 \u00a0 \u00a0(Hah\u00f3t)<\/p>\n<p><strong>GER\u00d3CS ZOLT\u00c1N<\/strong> r. f\u0151t\u00f6rzs\u0151rmester: 30\/650 7547\u00a0 \u00a0 \u00a0 \u00a0 \u00a0 \u00a0 \u00a0 \u00a0 \u00a0 \u00a0 \u00a0 \u00a0 \u00a0 \u00a0 \u00a0 \u00a0 \u00a0 \u00a0 \u00a0 \u00a0 \u00a0 \u00a0 \u00a0 \u00a0 \u00a0 \u00a0 (Als\u00f3rajk, Fels\u0151rajk, P\u00f6tr\u00e9te)<\/p>\n","protected":false},"excerpt":{"rendered":"<p>POLG\u00c1RMESTERI FOGAD\u00d3\u00d3RA: helye: Kilim\u00e1ni Polg\u00e1rmesteri Hivatal ideje: telefonos egyeztet\u00e9s alapj\u00e1n TK\u00c1LECZ KRISZTINA FALUGAZD\u00c1SZ FOGAD\u00d3\u00d3R\u00c1JA: helye: Polg\u00e1rmesteri Hivatal Gelse, Kossuth u. 20. ideje: p\u00e1ratlan heteken szerd\u00e1n 9.00-12.00 (telefonos egyeztet\u00e9s alapj\u00e1n Kilim\u00e1nban a Polg\u00e1rmesteri Hivatalban) el\u00e9rhet\u0151s\u00e9g:06-30\/569 5781; 06-70\/903 6294 \u00daJUDVARI K\u00d6Z\u00d6S \u00d6NKORM\u00c1NYZATI HIVATAL GELSEI \u00dcGYF\u00c9LSZOLG\u00c1LATI IRODA \u00dcGYF\u00c9LFOGAD\u00c1SI RENDJE: helye: Gelse, Kossuth u. 20. H\u00e9tf\u0151:\u00a0 8.00-12.00 \u00e9s 13.00-15.00 [&hellip;]<\/p>\n","protected":false},"author":1,"featured_media":0,"parent":0,"menu_order":0,"comment_status":"closed","ping_status":"closed","template":"","meta":{"footnotes":""},"class_list":["post-1134","page","type-page","status-publish","hentry"],"_links":{"self":[{"href":"https:\/\/kiliman.hu\/index.php?rest_route=\/wp\/v2\/pages\/1134","targetHints":{"allow":["GET"]}}],"collection":[{"href":"https:\/\/kiliman.hu\/index.php?rest_route=\/wp\/v2\/pages"}],"about":[{"href":"https:\/\/kiliman.hu\/index.php?rest_route=\/wp\/v2\/types\/page"}],"author":[{"embeddable":true,"href":"https:\/\/kiliman.hu\/index.php?rest_route=\/wp\/v2\/users\/1"}],"replies":[{"embeddable":true,"href":"https:\/\/kiliman.hu\/index.php?rest_route=%2Fwp%2Fv2%2Fcomments&post=1134"}],"version-history":[{"count":69,"href":"https:\/\/kiliman.hu\/index.php?rest_route=\/wp\/v2\/pages\/1134\/revisions"}],"predecessor-version":[{"id":2048,"href":"https:\/\/kiliman.hu\/index.php?rest_route=\/wp\/v2\/pages\/1134\/revisions\/2048"}],"wp:attachment":[{"href":"https:\/\/kiliman.hu\/index.php?rest_route=%2Fwp%2Fv2%2Fmedia&parent=1134"}],"curies":[{"name":"wp","href":"https:\/\/api.w.org\/{rel}","templated":true}]}}