{"id":10,"date":"2014-07-05T15:02:54","date_gmt":"2014-07-05T15:02:54","guid":{"rendered":"http:\/\/kiliman.hu\/?page_id=10"},"modified":"2023-05-08T13:26:27","modified_gmt":"2023-05-08T13:26:27","slug":"vallalkozasok","status":"publish","type":"page","link":"https:\/\/kiliman.hu\/?page_id=10","title":{"rendered":"V\u00e1llalkoz\u00e1sok"},"content":{"rendered":"<p><strong>\u00daJ PALINI-H\u00daS ZRT. \u00a0<\/strong><\/p>\n<p>\u00dcgyvezet\u0151 igazgat\u00f3: Hodola Rich\u00e1rd<\/p>\n<p>\u00c1gazat: \u00c9lelmiszeripar<\/p>\n<p>C\u00edm: 8774 Kilim\u00e1n, Pet\u0151fi u. 23.<\/p>\n<p>Telefonsz\u00e1m: 93\/313-213<\/p>\n<p>E-mail c\u00edm: info@ujpalinihus.hu<\/p>\n<p>Tev\u00e9kenys\u00e9gi k\u00f6r: H\u00fasfeldolgoz\u00e1s, tart\u00f3s\u00edt\u00e1s<\/p>\n<p><strong>GOLDEN GARDEN INVEST KFT.\u00a0 \u00a0 \u00a0 \u00a0 \u00a0 \u00a0 \u00a0 \u00a0 \u00a0 \u00a0 \u00a0 \u00a0 \u00a0 \u00a0 \u00a0 \u00a0 \u00a0 \u00a0 \u00a0 \u00a0 \u00a0 \u00a0 \u00a0 \u00a0 \u00a0 \u00a0 \u00a0 \u00a0 \u00a0 \u00a0 \u00a0 \u00a0 \u00a0 \u00a0 \u00a0 \u00a0 \u00a0<\/strong><\/p>\n<p>\u00dcgyvezet\u0151 igazgat\u00f3: Lugosi T\u00edmea<\/p>\n<p>\u00c1gazat: almatermeszt\u00e9s<\/p>\n<p>C\u00edm: 8774 Gelse, 053\/3\/A hrsz.<\/p>\n<p>Telefonsz\u00e1m: 06-30\/4132041<\/p>\n<p><strong> \u00a0 \u00a0 \u00a0 \u00a0 \u00a0 \u00a0 \u00a0 \u00a0 \u00a0 \u00a0 \u00a0 \u00a0<\/strong><\/p>\n","protected":false},"excerpt":{"rendered":"<p>\u00daJ PALINI-H\u00daS ZRT. \u00a0 \u00dcgyvezet\u0151 igazgat\u00f3: Hodola Rich\u00e1rd \u00c1gazat: \u00c9lelmiszeripar C\u00edm: 8774 Kilim\u00e1n, Pet\u0151fi u. 23. Telefonsz\u00e1m: 93\/313-213 E-mail c\u00edm: info@ujpalinihus.hu Tev\u00e9kenys\u00e9gi k\u00f6r: H\u00fasfeldolgoz\u00e1s, tart\u00f3s\u00edt\u00e1s GOLDEN GARDEN INVEST KFT.\u00a0 \u00a0 \u00a0 \u00a0 \u00a0 \u00a0 \u00a0 \u00a0 \u00a0 \u00a0 \u00a0 \u00a0 \u00a0 \u00a0 \u00a0 \u00a0 \u00a0 \u00a0 \u00a0 \u00a0 \u00a0 \u00a0 \u00a0 \u00a0 \u00a0 \u00a0 \u00a0 [&hellip;]<\/p>\n","protected":false},"author":1,"featured_media":0,"parent":0,"menu_order":0,"comment_status":"open","ping_status":"closed","template":"","meta":{"footnotes":""},"class_list":["post-10","page","type-page","status-publish","hentry"],"_links":{"self":[{"href":"https:\/\/kiliman.hu\/index.php?rest_route=\/wp\/v2\/pages\/10","targetHints":{"allow":["GET"]}}],"collection":[{"href":"https:\/\/kiliman.hu\/index.php?rest_route=\/wp\/v2\/pages"}],"about":[{"href":"https:\/\/kiliman.hu\/index.php?rest_route=\/wp\/v2\/types\/page"}],"author":[{"embeddable":true,"href":"https:\/\/kiliman.hu\/index.php?rest_route=\/wp\/v2\/users\/1"}],"replies":[{"embeddable":true,"href":"https:\/\/kiliman.hu\/index.php?rest_route=%2Fwp%2Fv2%2Fcomments&post=10"}],"version-history":[{"count":7,"href":"https:\/\/kiliman.hu\/index.php?rest_route=\/wp\/v2\/pages\/10\/revisions"}],"predecessor-version":[{"id":1995,"href":"https:\/\/kiliman.hu\/index.php?rest_route=\/wp\/v2\/pages\/10\/revisions\/1995"}],"wp:attachment":[{"href":"https:\/\/kiliman.hu\/index.php?rest_route=%2Fwp%2Fv2%2Fmedia&parent=10"}],"curies":[{"name":"wp","href":"https:\/\/api.w.org\/{rel}","templated":true}]}}